{"id":586,"date":"2021-02-28T15:04:09","date_gmt":"2021-02-28T14:04:09","guid":{"rendered":"https:\/\/jensentand.dk\/?page_id=586"},"modified":"2025-09-21T09:08:16","modified_gmt":"2025-09-21T07:08:16","slug":"personale","status":"publish","type":"page","link":"https:\/\/jensentand.dk\/en\/personale\/","title":{"rendered":"The team"},"content":{"rendered":"<div style=\"height:28px\" aria-hidden=\"true\" class=\"wp-block-spacer\"><\/div>\n\n\n\n<div class=\"wp-block-media-text alignwide is-stacked-on-mobile is-vertically-aligned-top\" style=\"grid-template-columns:32% auto\"><figure class=\"wp-block-media-text__media\"><img data-recalc-dims=\"1\" loading=\"lazy\" decoding=\"async\" width=\"853\" height=\"1024\" data-attachment-id=\"833\" data-permalink=\"https:\/\/jensentand.dk\/en\/personale\/rachelle_02\/\" data-orig-file=\"https:\/\/i0.wp.com\/jensentand.dk\/wp-content\/uploads\/2021\/05\/Rachelle_02.jpg?fit=1000%2C1200&amp;ssl=1\" data-orig-size=\"1000,1200\" data-comments-opened=\"1\" data-image-meta=\"{&quot;aperture&quot;:&quot;0&quot;,&quot;credit&quot;:&quot;&quot;,&quot;camera&quot;:&quot;&quot;,&quot;caption&quot;:&quot;&quot;,&quot;created_timestamp&quot;:&quot;0&quot;,&quot;copyright&quot;:&quot;&quot;,&quot;focal_length&quot;:&quot;0&quot;,&quot;iso&quot;:&quot;0&quot;,&quot;shutter_speed&quot;:&quot;0&quot;,&quot;title&quot;:&quot;&quot;,&quot;orientation&quot;:&quot;0&quot;}\" data-image-title=\"Rachelle_02\" data-image-description=\"\" data-image-caption=\"\" data-large-file=\"https:\/\/i0.wp.com\/jensentand.dk\/wp-content\/uploads\/2021\/05\/Rachelle_02.jpg?fit=853%2C1024&amp;ssl=1\" src=\"https:\/\/i0.wp.com\/jensentand.dk\/wp-content\/uploads\/2021\/05\/Rachelle_02.jpg?resize=853%2C1024&#038;ssl=1\" alt=\"\" class=\"wp-image-833 size-medium\" srcset=\"https:\/\/i0.wp.com\/jensentand.dk\/wp-content\/uploads\/2021\/05\/Rachelle_02.jpg?resize=853%2C1024&amp;ssl=1 853w, https:\/\/i0.wp.com\/jensentand.dk\/wp-content\/uploads\/2021\/05\/Rachelle_02.jpg?resize=250%2C300&amp;ssl=1 250w, https:\/\/i0.wp.com\/jensentand.dk\/wp-content\/uploads\/2021\/05\/Rachelle_02.jpg?resize=768%2C922&amp;ssl=1 768w, https:\/\/i0.wp.com\/jensentand.dk\/wp-content\/uploads\/2021\/05\/Rachelle_02.jpg?resize=10%2C12&amp;ssl=1 10w, https:\/\/i0.wp.com\/jensentand.dk\/wp-content\/uploads\/2021\/05\/Rachelle_02.jpg?resize=150%2C180&amp;ssl=1 150w, https:\/\/i0.wp.com\/jensentand.dk\/wp-content\/uploads\/2021\/05\/Rachelle_02.jpg?resize=500%2C600&amp;ssl=1 500w, https:\/\/i0.wp.com\/jensentand.dk\/wp-content\/uploads\/2021\/05\/Rachelle_02.jpg?w=1000&amp;ssl=1 1000w\" sizes=\"auto, (max-width: 853px) 100vw, 853px\" \/><\/figure><div class=\"wp-block-media-text__content\">\n<div class=\"wp-block-group\"><div class=\"wp-block-group__inner-container is-layout-flow wp-block-group-is-layout-flow\">\n<h2 class=\"wp-block-heading\">Rachelle Nadine Jensen, Dentist and Owner<\/h2>\n\n\n\n<p>I graduated from the University of Iowa College of Dentistry in 2005 and practiced for a year in Iowa in the US, before moving to Denmark, where I have been practicing as a dentist since 2007. I am passionate about all aspects of dental treatment and prioritize high professional standards. To ensure the best possible treatment, I continuously update myself on new techniques and knowledge through courses and conferences. I am a member of Tandl\u00e6geforeningen and Praktiserende Tandl\u00e6gers Organisation.<\/p>\n<p>I live in Skibet with my husband, Steffen, and our two teenage boys. In my free time (ha!) I enjoy playing the violin and piano, running, cooking and reading.<\/p>\n<p>I speak English and Danish fluently.<\/p>\n<\/div><\/div>\n<\/div><\/div>\n\n\n\n<div class=\"wp-block-media-text alignwide is-stacked-on-mobile\" style=\"grid-template-columns:31% auto\"><figure class=\"wp-block-media-text__media\"><img data-recalc-dims=\"1\" loading=\"lazy\" decoding=\"async\" width=\"853\" height=\"1024\" data-attachment-id=\"832\" data-permalink=\"https:\/\/jensentand.dk\/en\/personale\/lea_02\/\" data-orig-file=\"https:\/\/i0.wp.com\/jensentand.dk\/wp-content\/uploads\/2021\/05\/Lea_02.jpg?fit=1000%2C1200&amp;ssl=1\" data-orig-size=\"1000,1200\" data-comments-opened=\"1\" data-image-meta=\"{&quot;aperture&quot;:&quot;0&quot;,&quot;credit&quot;:&quot;&quot;,&quot;camera&quot;:&quot;&quot;,&quot;caption&quot;:&quot;&quot;,&quot;created_timestamp&quot;:&quot;0&quot;,&quot;copyright&quot;:&quot;&quot;,&quot;focal_length&quot;:&quot;0&quot;,&quot;iso&quot;:&quot;0&quot;,&quot;shutter_speed&quot;:&quot;0&quot;,&quot;title&quot;:&quot;&quot;,&quot;orientation&quot;:&quot;0&quot;}\" data-image-title=\"Lea_02\" data-image-description=\"\" data-image-caption=\"\" data-large-file=\"https:\/\/i0.wp.com\/jensentand.dk\/wp-content\/uploads\/2021\/05\/Lea_02.jpg?fit=853%2C1024&amp;ssl=1\" src=\"https:\/\/i0.wp.com\/jensentand.dk\/wp-content\/uploads\/2021\/05\/Lea_02.jpg?resize=853%2C1024&#038;ssl=1\" alt=\"\" class=\"wp-image-832 size-full\" srcset=\"https:\/\/i0.wp.com\/jensentand.dk\/wp-content\/uploads\/2021\/05\/Lea_02.jpg?resize=853%2C1024&amp;ssl=1 853w, https:\/\/i0.wp.com\/jensentand.dk\/wp-content\/uploads\/2021\/05\/Lea_02.jpg?resize=250%2C300&amp;ssl=1 250w, https:\/\/i0.wp.com\/jensentand.dk\/wp-content\/uploads\/2021\/05\/Lea_02.jpg?resize=768%2C922&amp;ssl=1 768w, https:\/\/i0.wp.com\/jensentand.dk\/wp-content\/uploads\/2021\/05\/Lea_02.jpg?resize=10%2C12&amp;ssl=1 10w, https:\/\/i0.wp.com\/jensentand.dk\/wp-content\/uploads\/2021\/05\/Lea_02.jpg?resize=150%2C180&amp;ssl=1 150w, https:\/\/i0.wp.com\/jensentand.dk\/wp-content\/uploads\/2021\/05\/Lea_02.jpg?resize=500%2C600&amp;ssl=1 500w, https:\/\/i0.wp.com\/jensentand.dk\/wp-content\/uploads\/2021\/05\/Lea_02.jpg?w=1000&amp;ssl=1 1000w\" sizes=\"auto, (max-width: 853px) 100vw, 853px\" \/><\/figure><div class=\"wp-block-media-text__content\">\n<h2 class=\"wp-block-heading\">Lea Labelia Lazaga Pedersen, Clinic Assistant<\/h2>\n\n\n\n<p>Lea has been a qualified dental assistant since 2018. Lea thrives best when things are in order \u2013 she loves structure and organization in the appointment book and in the treatment room. She meets patients with a warm and relaxed demeanor and performs teeth cleanings with both care and a gentle touch.<\/p>\n<p>Lea grew up in the countryside near Gadbjerg. She has two daughters and lives in Billund. Lea loves lifting weights and all things fitness in her spare time.<\/p>\n<\/div><\/div>\n\n\n\n<div class=\"wp-block-media-text alignwide is-stacked-on-mobile\" style=\"grid-template-columns:31% auto\"><figure class=\"wp-block-media-text__media\"><img data-recalc-dims=\"1\" loading=\"lazy\" decoding=\"async\" width=\"411\" height=\"498\" data-attachment-id=\"4255\" data-permalink=\"https:\/\/jensentand.dk\/en\/personale\/marta_2\/\" data-orig-file=\"https:\/\/i0.wp.com\/jensentand.dk\/wp-content\/uploads\/2025\/09\/Marta_2.jpg?fit=411%2C498&amp;ssl=1\" data-orig-size=\"411,498\" data-comments-opened=\"1\" data-image-meta=\"{&quot;aperture&quot;:&quot;0&quot;,&quot;credit&quot;:&quot;&quot;,&quot;camera&quot;:&quot;&quot;,&quot;caption&quot;:&quot;&quot;,&quot;created_timestamp&quot;:&quot;0&quot;,&quot;copyright&quot;:&quot;&quot;,&quot;focal_length&quot;:&quot;0&quot;,&quot;iso&quot;:&quot;0&quot;,&quot;shutter_speed&quot;:&quot;0&quot;,&quot;title&quot;:&quot;&quot;,&quot;orientation&quot;:&quot;0&quot;}\" data-image-title=\"Marta_2\" data-image-description=\"\" data-image-caption=\"\" data-large-file=\"https:\/\/i0.wp.com\/jensentand.dk\/wp-content\/uploads\/2025\/09\/Marta_2.jpg?fit=411%2C498&amp;ssl=1\" src=\"https:\/\/i0.wp.com\/jensentand.dk\/wp-content\/uploads\/2025\/09\/Marta_2.jpg?resize=411%2C498&#038;ssl=1\" alt=\"\" class=\"wp-image-4255 size-full\" srcset=\"https:\/\/i0.wp.com\/jensentand.dk\/wp-content\/uploads\/2025\/09\/Marta_2.jpg?w=411&amp;ssl=1 411w, https:\/\/i0.wp.com\/jensentand.dk\/wp-content\/uploads\/2025\/09\/Marta_2.jpg?resize=248%2C300&amp;ssl=1 248w, https:\/\/i0.wp.com\/jensentand.dk\/wp-content\/uploads\/2025\/09\/Marta_2.jpg?resize=10%2C12&amp;ssl=1 10w, https:\/\/i0.wp.com\/jensentand.dk\/wp-content\/uploads\/2025\/09\/Marta_2.jpg?resize=150%2C182&amp;ssl=1 150w\" sizes=\"auto, (max-width: 411px) 100vw, 411px\" \/><\/figure><div class=\"wp-block-media-text__content\">\n<h2 class=\"wp-block-heading\">Marta Kwiatkowska, Clinic Assistant<\/h2>\n\n\n\n<p>Marta is our highly skilled adult dental assistant trainee and originally comes from Poland. She has studied English literature and previously worked as a teacher. Marta is fluent in English as well as Danish after just six years in Denmark.<\/p>\n<p>Marta lives in Billum with her fianc\u00e9 and two dogs, and she has an adult daughter who lives in Poland.<\/p>\n\n\n\n<p class=\"wp-block-paragraph\"><\/p>\n\n\n\n<p class=\"wp-block-paragraph\"><\/p>\n\n\n\n<p class=\"wp-block-paragraph\"><\/p>\n\n\n\n<p class=\"wp-block-paragraph\"><\/p>\n<\/div><\/div>","protected":false},"excerpt":{"rendered":"<p>Lea Labelia Lazaga Pedersen, Klinikassistent Lea har v\u00e6ret udl\u00e6rt klinikassistent siden 2018. Lea trives bedst, n\u00e5r der er styr p\u00e5 tingene \u2013 hun elsker struktur og organisation i aftalebogen og i behandlingsrummet. Hun m\u00f8der patienterne med en varm og afslappet tilgang og laver tandrensninger med b\u00e5de omhu og en let h\u00e5nd. Lea er vokset op &hellip; <a href=\"https:\/\/jensentand.dk\/en\/personale\/\" class=\"more-link\">Continue reading <span class=\"screen-reader-text\">The team<\/span><\/a><\/p>","protected":false},"author":200695613,"featured_media":438,"parent":0,"menu_order":0,"comment_status":"closed","ping_status":"closed","template":"","meta":{"_coblocks_attr":"","_coblocks_dimensions":"","_coblocks_responsive_height":"","_coblocks_accordion_ie_support":"","_crdt_document":"","jetpack_post_was_ever_published":false,"footnotes":""},"tags":[1364,1363,1369,1362,1370],"class_list":["post-586","page","type-page","status-publish","has-post-thumbnail","hentry","tag-billund","tag-dentist","tag-personale","tag-tandlaege","tag-team"],"yoast_head":"<!-- This site is optimized with the Yoast SEO plugin v27.3 - https:\/\/yoast.com\/product\/yoast-seo-wordpress\/ -->\n<title>Personale - Jensen Tandklinik<\/title>\n<meta name=\"robots\" content=\"index, follow, max-snippet:-1, max-image-preview:large, max-video-preview:-1\" \/>\n<link rel=\"canonical\" href=\"https:\/\/jensentand.dk\/en\/personale\/\" \/>\n<meta property=\"og:locale\" content=\"en_US\" \/>\n<meta property=\"og:type\" content=\"article\" \/>\n<meta property=\"og:title\" content=\"Personale - Jensen Tandklinik\" \/>\n<meta property=\"og:description\" content=\"Lea Labelia Lazaga Pedersen, Klinikassistent Lea har v\u00e6ret udl\u00e6rt klinikassistent siden 2018. Lea trives bedst, n\u00e5r der er styr p\u00e5 tingene \u2013 hun elsker struktur og organisation i aftalebogen og i behandlingsrummet. Hun m\u00f8der patienterne med en varm og afslappet tilgang og laver tandrensninger med b\u00e5de omhu og en let h\u00e5nd. Lea er vokset op &hellip; Continue reading Personale\" \/>\n<meta property=\"og:url\" content=\"https:\/\/jensentand.dk\/en\/personale\/\" \/>\n<meta property=\"og:site_name\" content=\"Jensen Tandklinik\" \/>\n<meta property=\"article:publisher\" content=\"https:\/\/www.facebook.com\/jensentand\" \/>\n<meta property=\"article:modified_time\" content=\"2025-09-21T07:08:16+00:00\" \/>\n<meta property=\"og:image\" content=\"https:\/\/jensentand.dk\/wp-content\/uploads\/2021\/02\/shutterstock_794460844-6.jpg\" \/>\n\t<meta property=\"og:image:width\" content=\"1500\" \/>\n\t<meta property=\"og:image:height\" content=\"400\" \/>\n\t<meta property=\"og:image:type\" content=\"image\/jpeg\" \/>\n<meta name=\"twitter:card\" content=\"summary_large_image\" \/>\n<script type=\"application\/ld+json\" class=\"yoast-schema-graph\">{\"@context\":\"https:\\\/\\\/schema.org\",\"@graph\":[{\"@type\":\"WebPage\",\"@id\":\"https:\\\/\\\/jensentand.dk\\\/personale\\\/\",\"url\":\"https:\\\/\\\/jensentand.dk\\\/personale\\\/\",\"name\":\"Personale - Jensen Tandklinik\",\"isPartOf\":{\"@id\":\"https:\\\/\\\/jensentand.dk\\\/#website\"},\"primaryImageOfPage\":{\"@id\":\"https:\\\/\\\/jensentand.dk\\\/personale\\\/#primaryimage\"},\"image\":{\"@id\":\"https:\\\/\\\/jensentand.dk\\\/personale\\\/#primaryimage\"},\"thumbnailUrl\":\"https:\\\/\\\/i0.wp.com\\\/jensentand.dk\\\/wp-content\\\/uploads\\\/2021\\\/02\\\/shutterstock_794460844-6.jpg?fit=1500%2C400&ssl=1\",\"datePublished\":\"2021-02-28T14:04:09+00:00\",\"dateModified\":\"2025-09-21T07:08:16+00:00\",\"breadcrumb\":{\"@id\":\"https:\\\/\\\/jensentand.dk\\\/personale\\\/#breadcrumb\"},\"inLanguage\":\"en-US\",\"potentialAction\":[{\"@type\":\"ReadAction\",\"target\":[\"https:\\\/\\\/jensentand.dk\\\/personale\\\/\"]}]},{\"@type\":\"ImageObject\",\"inLanguage\":\"en-US\",\"@id\":\"https:\\\/\\\/jensentand.dk\\\/personale\\\/#primaryimage\",\"url\":\"https:\\\/\\\/i0.wp.com\\\/jensentand.dk\\\/wp-content\\\/uploads\\\/2021\\\/02\\\/shutterstock_794460844-6.jpg?fit=1500%2C400&ssl=1\",\"contentUrl\":\"https:\\\/\\\/i0.wp.com\\\/jensentand.dk\\\/wp-content\\\/uploads\\\/2021\\\/02\\\/shutterstock_794460844-6.jpg?fit=1500%2C400&ssl=1\",\"width\":1500,\"height\":400},{\"@type\":\"BreadcrumbList\",\"@id\":\"https:\\\/\\\/jensentand.dk\\\/personale\\\/#breadcrumb\",\"itemListElement\":[{\"@type\":\"ListItem\",\"position\":1,\"name\":\"Hjem\",\"item\":\"https:\\\/\\\/jensentand.dk\\\/\"},{\"@type\":\"ListItem\",\"position\":2,\"name\":\"Personale\"}]},{\"@type\":\"WebSite\",\"@id\":\"https:\\\/\\\/jensentand.dk\\\/#website\",\"url\":\"https:\\\/\\\/jensentand.dk\\\/\",\"name\":\"Jensen Tandklinik\",\"description\":\"Tandl\u00e6ge Rachelle Jensen | Billund\",\"publisher\":{\"@id\":\"https:\\\/\\\/jensentand.dk\\\/#organization\"},\"potentialAction\":[{\"@type\":\"SearchAction\",\"target\":{\"@type\":\"EntryPoint\",\"urlTemplate\":\"https:\\\/\\\/jensentand.dk\\\/?s={search_term_string}\"},\"query-input\":{\"@type\":\"PropertyValueSpecification\",\"valueRequired\":true,\"valueName\":\"search_term_string\"}}],\"inLanguage\":\"en-US\"},{\"@type\":\"Organization\",\"@id\":\"https:\\\/\\\/jensentand.dk\\\/#organization\",\"name\":\"Jensen Tandklinik\",\"url\":\"https:\\\/\\\/jensentand.dk\\\/\",\"logo\":{\"@type\":\"ImageObject\",\"inLanguage\":\"en-US\",\"@id\":\"https:\\\/\\\/jensentand.dk\\\/#\\\/schema\\\/logo\\\/image\\\/\",\"url\":\"https:\\\/\\\/jensentand.dk\\\/wp-content\\\/uploads\\\/2021\\\/02\\\/primary-pantone-editable_resized.png\",\"contentUrl\":\"https:\\\/\\\/jensentand.dk\\\/wp-content\\\/uploads\\\/2021\\\/02\\\/primary-pantone-editable_resized.png\",\"width\":317,\"height\":78,\"caption\":\"Jensen Tandklinik\"},\"image\":{\"@id\":\"https:\\\/\\\/jensentand.dk\\\/#\\\/schema\\\/logo\\\/image\\\/\"},\"sameAs\":[\"https:\\\/\\\/www.facebook.com\\\/jensentand\"]}]}<\/script>\n<!-- \/ Yoast SEO plugin. -->","yoast_head_json":{"title":"Personale - Jensen Tandklinik","robots":{"index":"index","follow":"follow","max-snippet":"max-snippet:-1","max-image-preview":"max-image-preview:large","max-video-preview":"max-video-preview:-1"},"canonical":"https:\/\/jensentand.dk\/en\/personale\/","og_locale":"en_US","og_type":"article","og_title":"Personale - Jensen Tandklinik","og_description":"Lea Labelia Lazaga Pedersen, Klinikassistent Lea har v\u00e6ret udl\u00e6rt klinikassistent siden 2018. Lea trives bedst, n\u00e5r der er styr p\u00e5 tingene \u2013 hun elsker struktur og organisation i aftalebogen og i behandlingsrummet. Hun m\u00f8der patienterne med en varm og afslappet tilgang og laver tandrensninger med b\u00e5de omhu og en let h\u00e5nd. Lea er vokset op &hellip; Continue reading Personale","og_url":"https:\/\/jensentand.dk\/en\/personale\/","og_site_name":"Jensen Tandklinik","article_publisher":"https:\/\/www.facebook.com\/jensentand","article_modified_time":"2025-09-21T07:08:16+00:00","og_image":[{"width":1500,"height":400,"url":"https:\/\/jensentand.dk\/wp-content\/uploads\/2021\/02\/shutterstock_794460844-6.jpg","type":"image\/jpeg"}],"twitter_card":"summary_large_image","schema":{"@context":"https:\/\/schema.org","@graph":[{"@type":"WebPage","@id":"https:\/\/jensentand.dk\/personale\/","url":"https:\/\/jensentand.dk\/personale\/","name":"Personale - Jensen Tandklinik","isPartOf":{"@id":"https:\/\/jensentand.dk\/#website"},"primaryImageOfPage":{"@id":"https:\/\/jensentand.dk\/personale\/#primaryimage"},"image":{"@id":"https:\/\/jensentand.dk\/personale\/#primaryimage"},"thumbnailUrl":"https:\/\/i0.wp.com\/jensentand.dk\/wp-content\/uploads\/2021\/02\/shutterstock_794460844-6.jpg?fit=1500%2C400&ssl=1","datePublished":"2021-02-28T14:04:09+00:00","dateModified":"2025-09-21T07:08:16+00:00","breadcrumb":{"@id":"https:\/\/jensentand.dk\/personale\/#breadcrumb"},"inLanguage":"en-US","potentialAction":[{"@type":"ReadAction","target":["https:\/\/jensentand.dk\/personale\/"]}]},{"@type":"ImageObject","inLanguage":"en-US","@id":"https:\/\/jensentand.dk\/personale\/#primaryimage","url":"https:\/\/i0.wp.com\/jensentand.dk\/wp-content\/uploads\/2021\/02\/shutterstock_794460844-6.jpg?fit=1500%2C400&ssl=1","contentUrl":"https:\/\/i0.wp.com\/jensentand.dk\/wp-content\/uploads\/2021\/02\/shutterstock_794460844-6.jpg?fit=1500%2C400&ssl=1","width":1500,"height":400},{"@type":"BreadcrumbList","@id":"https:\/\/jensentand.dk\/personale\/#breadcrumb","itemListElement":[{"@type":"ListItem","position":1,"name":"Hjem","item":"https:\/\/jensentand.dk\/"},{"@type":"ListItem","position":2,"name":"Personale"}]},{"@type":"WebSite","@id":"https:\/\/jensentand.dk\/#website","url":"https:\/\/jensentand.dk\/","name":"Jensen Tandklinik","description":"Tandl\u00e6ge Rachelle Jensen | Billund","publisher":{"@id":"https:\/\/jensentand.dk\/#organization"},"potentialAction":[{"@type":"SearchAction","target":{"@type":"EntryPoint","urlTemplate":"https:\/\/jensentand.dk\/?s={search_term_string}"},"query-input":{"@type":"PropertyValueSpecification","valueRequired":true,"valueName":"search_term_string"}}],"inLanguage":"en-US"},{"@type":"Organization","@id":"https:\/\/jensentand.dk\/#organization","name":"Jensen Tandklinik","url":"https:\/\/jensentand.dk\/","logo":{"@type":"ImageObject","inLanguage":"en-US","@id":"https:\/\/jensentand.dk\/#\/schema\/logo\/image\/","url":"https:\/\/jensentand.dk\/wp-content\/uploads\/2021\/02\/primary-pantone-editable_resized.png","contentUrl":"https:\/\/jensentand.dk\/wp-content\/uploads\/2021\/02\/primary-pantone-editable_resized.png","width":317,"height":78,"caption":"Jensen Tandklinik"},"image":{"@id":"https:\/\/jensentand.dk\/#\/schema\/logo\/image\/"},"sameAs":["https:\/\/www.facebook.com\/jensentand"]}]}},"jetpack_likes_enabled":null,"jetpack_sharing_enabled":false,"jetpack_shortlink":"https:\/\/wp.me\/PcLzIL-9s","amp_enabled":true,"_links":{"self":[{"href":"https:\/\/jensentand.dk\/en\/wp-json\/wp\/v2\/pages\/586","targetHints":{"allow":["GET"]}}],"collection":[{"href":"https:\/\/jensentand.dk\/en\/wp-json\/wp\/v2\/pages"}],"about":[{"href":"https:\/\/jensentand.dk\/en\/wp-json\/wp\/v2\/types\/page"}],"author":[{"embeddable":true,"href":"https:\/\/jensentand.dk\/en\/wp-json\/wp\/v2\/users\/200695613"}],"replies":[{"embeddable":true,"href":"https:\/\/jensentand.dk\/en\/wp-json\/wp\/v2\/comments?post=586"}],"version-history":[{"count":26,"href":"https:\/\/jensentand.dk\/en\/wp-json\/wp\/v2\/pages\/586\/revisions"}],"predecessor-version":[{"id":4258,"href":"https:\/\/jensentand.dk\/en\/wp-json\/wp\/v2\/pages\/586\/revisions\/4258"}],"wp:featuredmedia":[{"embeddable":true,"href":"https:\/\/jensentand.dk\/en\/wp-json\/wp\/v2\/media\/438"}],"wp:attachment":[{"href":"https:\/\/jensentand.dk\/en\/wp-json\/wp\/v2\/media?parent=586"}],"wp:term":[{"taxonomy":"post_tag","embeddable":true,"href":"https:\/\/jensentand.dk\/en\/wp-json\/wp\/v2\/tags?post=586"}],"curies":[{"name":"wp","href":"https:\/\/api.w.org\/{rel}","templated":true}]}}