{"id":542,"date":"2021-02-28T13:04:29","date_gmt":"2021-02-28T12:04:29","guid":{"rendered":"https:\/\/jensentand.dk\/?page_id=542"},"modified":"2025-05-17T15:26:13","modified_gmt":"2025-05-17T13:26:13","slug":"kontakt","status":"publish","type":"page","link":"https:\/\/jensentand.dk\/en\/kontakt\/","title":{"rendered":"Contact us"},"content":{"rendered":"<div class=\"wp-block-columns is-layout-flex wp-container-core-columns-is-layout-8f761849 wp-block-columns-is-layout-flex\">\n<div class=\"wp-block-column is-layout-flow wp-block-column-is-layout-flow\" style=\"flex-basis:15%\"><\/div>\n\n\n\n<div class=\"wp-block-column is-layout-flow wp-block-column-is-layout-flow\">\n<div class=\"wp-block-buttons is-horizontal is-content-justification-center is-layout-flex wp-container-core-buttons-is-layout-7d812b4c wp-block-buttons-is-layout-flex\">\n<div class=\"wp-block-button my-custom-button\"><a class=\"wp-block-button__link has-background wp-element-button\" href=\"tel:+4570505153\" style=\"border-radius:30px;background-color:#ffa626\">+45 7050 5153<\/a><\/div>\n<\/div>\n<\/div>\n\n\n\n<div class=\"wp-block-column is-layout-flow wp-block-column-is-layout-flow\">\n<div class=\"wp-block-buttons is-horizontal is-content-justification-center is-layout-flex wp-container-core-buttons-is-layout-7d812b4c wp-block-buttons-is-layout-flex\">\n<div class=\"wp-block-button my-custom-button\"><a class=\"wp-block-button__link has-background wp-element-button\" href=\"mailto:klinik@jensentand.dk\" style=\"border-radius:30px;background-color:#ffa626\">klinik@jensentand.dk<\/a><\/div>\n<\/div>\n<\/div>\n\n\n\n<div class=\"wp-block-column is-layout-flow wp-block-column-is-layout-flow\" style=\"flex-basis:15%\"><\/div>\n<\/div>\n\n\n\n<p class=\"wp-block-paragraph\">Please call us to make an appointment. Alternatively, please contact us via email or the contact form below and we will get back to you as soon as we can.  <\/p>\n\n\n\n<div class=\"wp-block-columns is-layout-flex wp-container-core-columns-is-layout-8f761849 wp-block-columns-is-layout-flex\">\n<div class=\"wp-block-column is-layout-flow wp-block-column-is-layout-flow\">\n<h2 class=\"wp-block-heading\">Jensen Tandklinik<\/h2>\n\n\n\n<div class=\"wp-block-jetpack-contact-info\">\n<div class=\"wp-block-jetpack-address\"><div class=\"jetpack-address__address jetpack-address__address1\">Gammelbro 70E, 2. sal<\/div><div class=\"jetpack-address__city\">7190 Billund<\/div><\/div>\n\n\n\n<div class=\"wp-block-jetpack-phone\"><a href=\"tel:+4570505153\">+45 70505153<\/a><\/div>\n\n\n\n<div class=\"wp-block-jetpack-email\"><a href=\"mailto:klinik@jensentand.dk\">klinik@jensentand.dk<\/a><\/div>\n\n\n\n<p class=\"wp-block-paragraph\">Free 2 hour parking and elevator access to the 2nd floor.&nbsp;<\/p>\n<\/div>\n\n\n<div class=\"wp-block-image is-style-default\">\n<figure class=\"alignleft size-large is-resized\"><img data-recalc-dims=\"1\" loading=\"lazy\" decoding=\"async\" width=\"853\" height=\"1024\" data-attachment-id=\"837\" data-permalink=\"https:\/\/jensentand.dk\/en\/kontakt\/jensen-tandklinik-trappe\/\" data-orig-file=\"https:\/\/i0.wp.com\/jensentand.dk\/wp-content\/uploads\/2021\/05\/Jensen-Tandklinik-Trappe.jpg?fit=1000%2C1200&amp;ssl=1\" data-orig-size=\"1000,1200\" data-comments-opened=\"1\" data-image-meta=\"{&quot;aperture&quot;:&quot;0&quot;,&quot;credit&quot;:&quot;&quot;,&quot;camera&quot;:&quot;&quot;,&quot;caption&quot;:&quot;&quot;,&quot;created_timestamp&quot;:&quot;0&quot;,&quot;copyright&quot;:&quot;&quot;,&quot;focal_length&quot;:&quot;0&quot;,&quot;iso&quot;:&quot;0&quot;,&quot;shutter_speed&quot;:&quot;0&quot;,&quot;title&quot;:&quot;&quot;,&quot;orientation&quot;:&quot;0&quot;}\" data-image-title=\"Jensen-Tandklinik-Trappe\" data-image-description=\"\" data-image-caption=\"\" data-large-file=\"https:\/\/i0.wp.com\/jensentand.dk\/wp-content\/uploads\/2021\/05\/Jensen-Tandklinik-Trappe.jpg?fit=853%2C1024&amp;ssl=1\" src=\"https:\/\/i0.wp.com\/jensentand.dk\/wp-content\/uploads\/2021\/05\/Jensen-Tandklinik-Trappe.jpg?resize=853%2C1024&#038;ssl=1\" alt=\"\" class=\"wp-image-837\" style=\"width:258px;height:309px\" srcset=\"https:\/\/i0.wp.com\/jensentand.dk\/wp-content\/uploads\/2021\/05\/Jensen-Tandklinik-Trappe.jpg?resize=853%2C1024&amp;ssl=1 853w, https:\/\/i0.wp.com\/jensentand.dk\/wp-content\/uploads\/2021\/05\/Jensen-Tandklinik-Trappe.jpg?resize=250%2C300&amp;ssl=1 250w, https:\/\/i0.wp.com\/jensentand.dk\/wp-content\/uploads\/2021\/05\/Jensen-Tandklinik-Trappe.jpg?resize=768%2C922&amp;ssl=1 768w, https:\/\/i0.wp.com\/jensentand.dk\/wp-content\/uploads\/2021\/05\/Jensen-Tandklinik-Trappe.jpg?resize=10%2C12&amp;ssl=1 10w, https:\/\/i0.wp.com\/jensentand.dk\/wp-content\/uploads\/2021\/05\/Jensen-Tandklinik-Trappe.jpg?resize=150%2C180&amp;ssl=1 150w, https:\/\/i0.wp.com\/jensentand.dk\/wp-content\/uploads\/2021\/05\/Jensen-Tandklinik-Trappe.jpg?resize=500%2C600&amp;ssl=1 500w, https:\/\/i0.wp.com\/jensentand.dk\/wp-content\/uploads\/2021\/05\/Jensen-Tandklinik-Trappe.jpg?w=1000&amp;ssl=1 1000w\" sizes=\"auto, (max-width: 853px) 100vw, 853px\" \/><\/figure>\n<\/div><\/div>\n\n\n\n<div class=\"wp-block-column is-layout-flow wp-block-column-is-layout-flow\">\n<h2 class=\"wp-block-heading has-medium-font-size\">Cancellations<\/h2>\n\n\n\n<p class=\"wp-block-paragraph\">If you are unable to make your appointment, it is important that you call as soon as possible and latest the day before by telephone.<\/p>\n\n\n\n<h2 class=\"wp-block-heading\">Dental Emergencies<\/h2>\n\n\n\n<p>If you need assistance outside of our opening hours, you can find information about \"Tandl\u00e6gevagten\" (Emergency Dental Clinic) by <span style=\"color: #0000ff;\"><a style=\"color: #0000ff;\" href=\"http:\/\/www.regionsyddanmark.dk\/wm180635\" target=\"_blank\" rel=\"noopener\">clicking here<\/a><\/span>.<\/p>\n<\/div>\n\n\n\n<div class=\"wp-block-column is-layout-flow wp-block-column-is-layout-flow\">\n<h2 class=\"wp-block-heading has-medium-font-size\">Opening Hours<\/h2>\n\n\n\n<p>Monday:\u00a0 \u00a0 \u00a0  \u00a008.00-17.40<br \/>Tuesday:\u00a0 \u00a0 \u00a0 \u00a0Closed<br \/>Wednesday:\u00a0 07.30-15.40<br \/>Thursday:\u00a0 \u00a0 \u00a0 08.00-16.00<br \/>Friday:\u00a0 \u00a0 \u00a0 \u00a0                  08.00-14.00<\/p>\n<h3>Telephone hours<\/h3>\n<p>Monday, Wednesday, Thursday: 08.00-15.00<\/p>\n<p>Friday: 08.00-14.00<\/p>\n<\/div>\n<\/div>\n\n\n\n<div class=\"wp-block-columns is-layout-flex wp-container-core-columns-is-layout-8f761849 wp-block-columns-is-layout-flex\">\n<div class=\"wp-block-column is-layout-flow wp-block-column-is-layout-flow\">\n<h2 class=\"wp-block-heading\">Find us<\/h2>\n\n\n\n<iframe src=\"https:\/\/www.google.com\/maps\/embed?pb=!1m18!1m12!1m3!1d944.6075028277647!2d9.115035652865599!3d55.72952294307023!2m3!1f0!2f0!3f0!3m2!1i1024!2i768!4f13.1!3m3!1m2!1s0x464b7129594fc637%3A0xa70d4611edac3b9c!2sJensen%20Tandklinik!5e0!3m2!1sda!2sdk!4v1747487982149!5m2!1sda!2sdk\" width=\"600\" height=\"450\" style=\"border:0;\" allowfullscreen=\"\" loading=\"lazy\" referrerpolicy=\"no-referrer-when-downgrade\"><\/iframe>\n<\/div>\n\n\n\n<div class=\"wp-block-column is-layout-flow wp-block-column-is-layout-flow\">\n<h2 class=\"wp-block-heading\">Request appointment<\/h2>\n\n\n<div class=\"wp-block-jetpack-contact-form is-layout-flex wp-container-jetpack-contact-form-is-layout-7f6ac06e wp-block-jetpack-contact-form-is-layout-flex\"><a href=\"https:\/\/jensentand.dk\/en\/kontakt\/\" target=\"_blank\" rel=\"noopener noreferrer\">Submit a form.<\/a><\/div><\/div>\n<\/div>\n\n\n\n<div class=\"wp-block-columns is-layout-flex wp-container-core-columns-is-layout-8f761849 wp-block-columns-is-layout-flex\">\n<div class=\"wp-block-column is-layout-flow wp-block-column-is-layout-flow\" style=\"flex-basis:100%\"><\/div>\n<\/div>\n\n\n\n<p class=\"wp-block-paragraph\"><\/p>","protected":false},"excerpt":{"rendered":"<p>Ring venligst og aftal tid hos din tandl\u00e6ge. Alternativt kan du kontakte os via email eller ved at indtaste dine \u00f8nsker til en tid i formularen nedenfor og s\u00e5 kontakter vi dig hurtigst muligt. Jensen Tandklinik Afbud Hvis du er forhindret i at komme p\u00e5 den aftalte tid, er det vigtigt, at du kontakter os &hellip; <a href=\"https:\/\/jensentand.dk\/en\/kontakt\/\" class=\"more-link\">Continue reading <span class=\"screen-reader-text\">Contact us<\/span><\/a><\/p>","protected":false},"author":200695613,"featured_media":458,"parent":0,"menu_order":0,"comment_status":"closed","ping_status":"closed","template":"","meta":{"_coblocks_attr":"","_coblocks_dimensions":"","_coblocks_responsive_height":"","_coblocks_accordion_ie_support":"","_crdt_document":"","jetpack_post_was_ever_published":false,"footnotes":""},"tags":[1364,1368,1363,1367,1362],"class_list":["post-542","page","type-page","status-publish","has-post-thumbnail","hentry","tag-billund","tag-contact-us","tag-dentist","tag-kontaktinfo","tag-tandlaege"],"yoast_head":"<!-- This site is optimized with the Yoast SEO plugin v27.3 - https:\/\/yoast.com\/product\/yoast-seo-wordpress\/ -->\n<title>Jensen Tandklinik - Aftal tid hos din tandl\u00e6ge<\/title>\n<meta name=\"description\" content=\"Kontakt os og aftal en tid hos din tandl\u00e6ge. Du kan ogs\u00e5 sende os en besked ved at udfylde kontaktformularen\" \/>\n<meta name=\"robots\" content=\"index, follow, max-snippet:-1, max-image-preview:large, max-video-preview:-1\" \/>\n<link rel=\"canonical\" href=\"https:\/\/jensentand.dk\/en\/kontakt\/\" \/>\n<meta property=\"og:locale\" content=\"en_US\" \/>\n<meta property=\"og:type\" content=\"article\" \/>\n<meta property=\"og:title\" content=\"Jensen Tandklinik - Aftal tid hos din tandl\u00e6ge\" \/>\n<meta property=\"og:description\" content=\"Kontakt os og aftal en tid hos din tandl\u00e6ge. Du kan ogs\u00e5 sende os en besked ved at udfylde kontaktformularen\" \/>\n<meta property=\"og:url\" content=\"https:\/\/jensentand.dk\/en\/kontakt\/\" \/>\n<meta property=\"og:site_name\" content=\"Jensen Tandklinik\" \/>\n<meta property=\"article:publisher\" content=\"https:\/\/www.facebook.com\/jensentand\" \/>\n<meta property=\"article:modified_time\" content=\"2025-05-17T13:26:13+00:00\" \/>\n<meta property=\"og:image\" content=\"https:\/\/jensentand.dk\/wp-content\/uploads\/2021\/02\/shutterstock_1591696324-4.jpg\" \/>\n\t<meta property=\"og:image:width\" content=\"1200\" \/>\n\t<meta property=\"og:image:height\" content=\"800\" \/>\n\t<meta property=\"og:image:type\" content=\"image\/jpeg\" \/>\n<meta name=\"twitter:card\" content=\"summary_large_image\" \/>\n<script type=\"application\/ld+json\" class=\"yoast-schema-graph\">{\"@context\":\"https:\\\/\\\/schema.org\",\"@graph\":[{\"@type\":\"WebPage\",\"@id\":\"https:\\\/\\\/jensentand.dk\\\/kontakt\\\/\",\"url\":\"https:\\\/\\\/jensentand.dk\\\/kontakt\\\/\",\"name\":\"Jensen Tandklinik - Aftal tid hos din tandl\u00e6ge\",\"isPartOf\":{\"@id\":\"https:\\\/\\\/jensentand.dk\\\/#website\"},\"primaryImageOfPage\":{\"@id\":\"https:\\\/\\\/jensentand.dk\\\/kontakt\\\/#primaryimage\"},\"image\":{\"@id\":\"https:\\\/\\\/jensentand.dk\\\/kontakt\\\/#primaryimage\"},\"thumbnailUrl\":\"https:\\\/\\\/i0.wp.com\\\/jensentand.dk\\\/wp-content\\\/uploads\\\/2021\\\/02\\\/shutterstock_1591696324-4.jpg?fit=1200%2C800&ssl=1\",\"datePublished\":\"2021-02-28T12:04:29+00:00\",\"dateModified\":\"2025-05-17T13:26:13+00:00\",\"description\":\"Kontakt os og aftal en tid hos din tandl\u00e6ge. Du kan ogs\u00e5 sende os en besked ved at udfylde kontaktformularen\",\"breadcrumb\":{\"@id\":\"https:\\\/\\\/jensentand.dk\\\/kontakt\\\/#breadcrumb\"},\"inLanguage\":\"en-US\",\"potentialAction\":[{\"@type\":\"ReadAction\",\"target\":[\"https:\\\/\\\/jensentand.dk\\\/kontakt\\\/\"]}]},{\"@type\":\"ImageObject\",\"inLanguage\":\"en-US\",\"@id\":\"https:\\\/\\\/jensentand.dk\\\/kontakt\\\/#primaryimage\",\"url\":\"https:\\\/\\\/i0.wp.com\\\/jensentand.dk\\\/wp-content\\\/uploads\\\/2021\\\/02\\\/shutterstock_1591696324-4.jpg?fit=1200%2C800&ssl=1\",\"contentUrl\":\"https:\\\/\\\/i0.wp.com\\\/jensentand.dk\\\/wp-content\\\/uploads\\\/2021\\\/02\\\/shutterstock_1591696324-4.jpg?fit=1200%2C800&ssl=1\",\"width\":1200,\"height\":800},{\"@type\":\"BreadcrumbList\",\"@id\":\"https:\\\/\\\/jensentand.dk\\\/kontakt\\\/#breadcrumb\",\"itemListElement\":[{\"@type\":\"ListItem\",\"position\":1,\"name\":\"Hjem\",\"item\":\"https:\\\/\\\/jensentand.dk\\\/\"},{\"@type\":\"ListItem\",\"position\":2,\"name\":\"Kontakt os\"}]},{\"@type\":\"WebSite\",\"@id\":\"https:\\\/\\\/jensentand.dk\\\/#website\",\"url\":\"https:\\\/\\\/jensentand.dk\\\/\",\"name\":\"Jensen Tandklinik\",\"description\":\"Tandl\u00e6ge Rachelle Jensen | Billund\",\"publisher\":{\"@id\":\"https:\\\/\\\/jensentand.dk\\\/#organization\"},\"potentialAction\":[{\"@type\":\"SearchAction\",\"target\":{\"@type\":\"EntryPoint\",\"urlTemplate\":\"https:\\\/\\\/jensentand.dk\\\/?s={search_term_string}\"},\"query-input\":{\"@type\":\"PropertyValueSpecification\",\"valueRequired\":true,\"valueName\":\"search_term_string\"}}],\"inLanguage\":\"en-US\"},{\"@type\":\"Organization\",\"@id\":\"https:\\\/\\\/jensentand.dk\\\/#organization\",\"name\":\"Jensen Tandklinik\",\"url\":\"https:\\\/\\\/jensentand.dk\\\/\",\"logo\":{\"@type\":\"ImageObject\",\"inLanguage\":\"en-US\",\"@id\":\"https:\\\/\\\/jensentand.dk\\\/#\\\/schema\\\/logo\\\/image\\\/\",\"url\":\"https:\\\/\\\/jensentand.dk\\\/wp-content\\\/uploads\\\/2021\\\/02\\\/primary-pantone-editable_resized.png\",\"contentUrl\":\"https:\\\/\\\/jensentand.dk\\\/wp-content\\\/uploads\\\/2021\\\/02\\\/primary-pantone-editable_resized.png\",\"width\":317,\"height\":78,\"caption\":\"Jensen Tandklinik\"},\"image\":{\"@id\":\"https:\\\/\\\/jensentand.dk\\\/#\\\/schema\\\/logo\\\/image\\\/\"},\"sameAs\":[\"https:\\\/\\\/www.facebook.com\\\/jensentand\"]}]}<\/script>\n<!-- \/ Yoast SEO plugin. -->","yoast_head_json":{"title":"Jensen Tandklinik - Aftal tid hos din tandl\u00e6ge","description":"Kontakt os og aftal en tid hos din tandl\u00e6ge. Du kan ogs\u00e5 sende os en besked ved at udfylde kontaktformularen","robots":{"index":"index","follow":"follow","max-snippet":"max-snippet:-1","max-image-preview":"max-image-preview:large","max-video-preview":"max-video-preview:-1"},"canonical":"https:\/\/jensentand.dk\/en\/kontakt\/","og_locale":"en_US","og_type":"article","og_title":"Jensen Tandklinik - Aftal tid hos din tandl\u00e6ge","og_description":"Kontakt os og aftal en tid hos din tandl\u00e6ge. Du kan ogs\u00e5 sende os en besked ved at udfylde kontaktformularen","og_url":"https:\/\/jensentand.dk\/en\/kontakt\/","og_site_name":"Jensen Tandklinik","article_publisher":"https:\/\/www.facebook.com\/jensentand","article_modified_time":"2025-05-17T13:26:13+00:00","og_image":[{"width":1200,"height":800,"url":"https:\/\/jensentand.dk\/wp-content\/uploads\/2021\/02\/shutterstock_1591696324-4.jpg","type":"image\/jpeg"}],"twitter_card":"summary_large_image","schema":{"@context":"https:\/\/schema.org","@graph":[{"@type":"WebPage","@id":"https:\/\/jensentand.dk\/kontakt\/","url":"https:\/\/jensentand.dk\/kontakt\/","name":"Jensen Tandklinik - Aftal tid hos din tandl\u00e6ge","isPartOf":{"@id":"https:\/\/jensentand.dk\/#website"},"primaryImageOfPage":{"@id":"https:\/\/jensentand.dk\/kontakt\/#primaryimage"},"image":{"@id":"https:\/\/jensentand.dk\/kontakt\/#primaryimage"},"thumbnailUrl":"https:\/\/i0.wp.com\/jensentand.dk\/wp-content\/uploads\/2021\/02\/shutterstock_1591696324-4.jpg?fit=1200%2C800&ssl=1","datePublished":"2021-02-28T12:04:29+00:00","dateModified":"2025-05-17T13:26:13+00:00","description":"Kontakt os og aftal en tid hos din tandl\u00e6ge. Du kan ogs\u00e5 sende os en besked ved at udfylde kontaktformularen","breadcrumb":{"@id":"https:\/\/jensentand.dk\/kontakt\/#breadcrumb"},"inLanguage":"en-US","potentialAction":[{"@type":"ReadAction","target":["https:\/\/jensentand.dk\/kontakt\/"]}]},{"@type":"ImageObject","inLanguage":"en-US","@id":"https:\/\/jensentand.dk\/kontakt\/#primaryimage","url":"https:\/\/i0.wp.com\/jensentand.dk\/wp-content\/uploads\/2021\/02\/shutterstock_1591696324-4.jpg?fit=1200%2C800&ssl=1","contentUrl":"https:\/\/i0.wp.com\/jensentand.dk\/wp-content\/uploads\/2021\/02\/shutterstock_1591696324-4.jpg?fit=1200%2C800&ssl=1","width":1200,"height":800},{"@type":"BreadcrumbList","@id":"https:\/\/jensentand.dk\/kontakt\/#breadcrumb","itemListElement":[{"@type":"ListItem","position":1,"name":"Hjem","item":"https:\/\/jensentand.dk\/"},{"@type":"ListItem","position":2,"name":"Kontakt os"}]},{"@type":"WebSite","@id":"https:\/\/jensentand.dk\/#website","url":"https:\/\/jensentand.dk\/","name":"Jensen Tandklinik","description":"Tandl\u00e6ge Rachelle Jensen | Billund","publisher":{"@id":"https:\/\/jensentand.dk\/#organization"},"potentialAction":[{"@type":"SearchAction","target":{"@type":"EntryPoint","urlTemplate":"https:\/\/jensentand.dk\/?s={search_term_string}"},"query-input":{"@type":"PropertyValueSpecification","valueRequired":true,"valueName":"search_term_string"}}],"inLanguage":"en-US"},{"@type":"Organization","@id":"https:\/\/jensentand.dk\/#organization","name":"Jensen Tandklinik","url":"https:\/\/jensentand.dk\/","logo":{"@type":"ImageObject","inLanguage":"en-US","@id":"https:\/\/jensentand.dk\/#\/schema\/logo\/image\/","url":"https:\/\/jensentand.dk\/wp-content\/uploads\/2021\/02\/primary-pantone-editable_resized.png","contentUrl":"https:\/\/jensentand.dk\/wp-content\/uploads\/2021\/02\/primary-pantone-editable_resized.png","width":317,"height":78,"caption":"Jensen Tandklinik"},"image":{"@id":"https:\/\/jensentand.dk\/#\/schema\/logo\/image\/"},"sameAs":["https:\/\/www.facebook.com\/jensentand"]}]}},"jetpack_likes_enabled":null,"jetpack_sharing_enabled":false,"jetpack_shortlink":"https:\/\/wp.me\/PcLzIL-8K","amp_enabled":true,"_links":{"self":[{"href":"https:\/\/jensentand.dk\/en\/wp-json\/wp\/v2\/pages\/542","targetHints":{"allow":["GET"]}}],"collection":[{"href":"https:\/\/jensentand.dk\/en\/wp-json\/wp\/v2\/pages"}],"about":[{"href":"https:\/\/jensentand.dk\/en\/wp-json\/wp\/v2\/types\/page"}],"author":[{"embeddable":true,"href":"https:\/\/jensentand.dk\/en\/wp-json\/wp\/v2\/users\/200695613"}],"replies":[{"embeddable":true,"href":"https:\/\/jensentand.dk\/en\/wp-json\/wp\/v2\/comments?post=542"}],"version-history":[{"count":55,"href":"https:\/\/jensentand.dk\/en\/wp-json\/wp\/v2\/pages\/542\/revisions"}],"predecessor-version":[{"id":3435,"href":"https:\/\/jensentand.dk\/en\/wp-json\/wp\/v2\/pages\/542\/revisions\/3435"}],"wp:featuredmedia":[{"embeddable":true,"href":"https:\/\/jensentand.dk\/en\/wp-json\/wp\/v2\/media\/458"}],"wp:attachment":[{"href":"https:\/\/jensentand.dk\/en\/wp-json\/wp\/v2\/media?parent=542"}],"wp:term":[{"taxonomy":"post_tag","embeddable":true,"href":"https:\/\/jensentand.dk\/en\/wp-json\/wp\/v2\/tags?post=542"}],"curies":[{"name":"wp","href":"https:\/\/api.w.org\/{rel}","templated":true}]}}